{"id":1517,"date":"2019-12-14T22:50:10","date_gmt":"2019-12-14T22:50:10","guid":{"rendered":"http:\/\/89.37.143.192\/?page_id=1517"},"modified":"2020-11-28T09:57:12","modified_gmt":"2020-11-28T09:57:12","slug":"echipa-nostru","status":"publish","type":"page","link":"https:\/\/ananya.ro\/index.php\/echipa-nostru\/","title":{"rendered":"Echipa Noastra"},"content":{"rendered":"<p><div class=\"fusion-fullwidth fullwidth-box fusion-builder-row-1 nonhundred-percent-fullwidth non-hundred-percent-height-scrolling fusion-equal-height-columns\" style=\"--awb-border-radius-top-left:0px;--awb-border-radius-top-right:0px;--awb-border-radius-bottom-right:0px;--awb-border-radius-bottom-left:0px;--awb-padding-top:0px;--awb-padding-bottom:0px;--awb-margin-top:0%;--awb-margin-bottom:0px;--awb-flex-wrap:wrap;\" ><div class=\"fusion-builder-row fusion-row\"><div class=\"fusion-layout-column fusion_builder_column fusion-builder-column-0 fusion_builder_column_1_1 1_1 fusion-one-full fusion-column-first fusion-column-last\" style=\"--awb-padding-bottom:0px;--awb-bg-size:cover;--awb-margin-top:0%;--awb-margin-bottom:0%;\"><div class=\"fusion-column-wrapper fusion-column-has-shadow fusion-flex-column-wrapper-legacy\"><div class=\"fusion-column-content-centered\"><div class=\"fusion-column-content\"><div class=\"fusion-sep-clear\"><\/div><div class=\"fusion-separator fusion-full-width-sep\" style=\"margin-left: auto;margin-right: auto;width:100%;\"><\/div><div class=\"fusion-sep-clear\"><\/div><div class=\"fusion-image-element fusion-image-align-center in-legacy-container\" style=\"text-align:center;--awb-caption-title-font-family:var(--h2_typography-font-family);--awb-caption-title-font-weight:var(--h2_typography-font-weight);--awb-caption-title-font-style:var(--h2_typography-font-style);--awb-caption-title-size:var(--h2_typography-font-size);--awb-caption-title-transform:var(--h2_typography-text-transform);--awb-caption-title-line-height:var(--h2_typography-line-height);--awb-caption-title-letter-spacing:var(--h2_typography-letter-spacing);\"><div class=\"imageframe-align-center\"><span class=\" fusion-imageframe imageframe-none imageframe-1 hover-type-none\"><img loading=\"lazy\" decoding=\"async\" width=\"768\" height=\"269\" title=\"Rangoli_resized_horizontal_top\" src=\"https:\/\/ananya.ro\/wp-content\/uploads\/2019\/12\/Rangoli_resized_horizontal_top.jpg\" alt class=\"img-responsive wp-image-1371\" srcset=\"https:\/\/ananya.ro\/wp-content\/uploads\/2019\/12\/Rangoli_resized_horizontal_top-200x70.jpg 200w, https:\/\/ananya.ro\/wp-content\/uploads\/2019\/12\/Rangoli_resized_horizontal_top-400x140.jpg 400w, https:\/\/ananya.ro\/wp-content\/uploads\/2019\/12\/Rangoli_resized_horizontal_top-600x210.jpg 600w, https:\/\/ananya.ro\/wp-content\/uploads\/2019\/12\/Rangoli_resized_horizontal_top.jpg 768w\" sizes=\"auto, (max-width: 1580px) 100vw, 768px\" \/><\/span><\/div><\/div><div class=\"fusion-text fusion-text-1\"><h3 style=\"text-align: center;\">Echipa Noastra<\/h3>\n<\/div><div class=\"fusion-text fusion-text-2\"><p>Plini de entuziasm \u0219i bucurie s\u0103 lucreze cu TINE, profesorii no\u0219tri se remarc\u0103 prin expertiz\u0103, cunoa\u0219tere \u0219i pricepere, fiind specializa\u021bi \u00een Hatha Yoga, Ashtanga Yoga, Yin Yoga, Aerial Yoga, medita\u0163ie sau mai multe tipuri de masaj. Vei sim\u021bi energia \u0219i d\u0103ruirea lor de fiecare dat\u0103 c\u00e2nd alegi ANANYA pentru o experien\u021b\u0103 UNIC\u0102.<\/p>\n<\/div><\/div><\/div><div class=\"fusion-clearfix\"><\/div><\/div><\/div><\/div><\/div><div class=\"fusion-fullwidth fullwidth-box fusion-builder-row-2 nonhundred-percent-fullwidth non-hundred-percent-height-scrolling\" style=\"--awb-border-radius-top-left:0px;--awb-border-radius-top-right:0px;--awb-border-radius-bottom-right:0px;--awb-border-radius-bottom-left:0px;--awb-padding-top:0px;--awb-margin-top:0px;--awb-flex-wrap:wrap;\" ><div class=\"fusion-builder-row fusion-row\"><div class=\"fusion-layout-column fusion_builder_column fusion-builder-column-1 fusion_builder_column_1_1 1_1 fusion-one-full fusion-column-first fusion-column-last\" style=\"--awb-bg-size:cover;\"><div class=\"fusion-column-wrapper fusion-column-has-shadow fusion-flex-column-wrapper-legacy\"><div class=\"fusion-sep-clear\"><\/div><div class=\"fusion-separator fusion-full-width-sep\" style=\"margin-left: auto;margin-right: auto;width:100%;\"><div class=\"fusion-separator-border sep-single sep-solid\" style=\"--awb-height:20px;--awb-amount:20px;border-color:#b9afa1;border-top-width:8px;\"><\/div><\/div><div class=\"fusion-sep-clear\"><\/div><div class=\"fusion-clearfix\"><\/div><\/div><\/div><\/div><\/div><div class=\"fusion-fullwidth fullwidth-box fusion-builder-row-3 nonhundred-percent-fullwidth non-hundred-percent-height-scrolling\" style=\"--awb-border-radius-top-left:0px;--awb-border-radius-top-right:0px;--awb-border-radius-bottom-right:0px;--awb-border-radius-bottom-left:0px;--awb-flex-wrap:wrap;\" ><div class=\"fusion-builder-row fusion-row\"><div class=\"fusion-layout-column fusion_builder_column fusion-builder-column-2 fusion_builder_column_1_2 1_2 fusion-one-half fusion-column-first\" style=\"--awb-bg-size:cover;--awb-border-color:#9e9e9e;--awb-border-top:0;--awb-border-right:0;--awb-border-bottom:0;--awb-border-left:0;--awb-border-style:solid;width:50%;width:calc(50% - ( ( 4% ) * 0.5 ) );margin-right: 4%;\"><div class=\"fusion-column-wrapper fusion-column-has-shadow fusion-flex-column-wrapper-legacy\"><div class=\"fusion-person person fusion-person-left fusion-person-1 fusion-person-icon-top\" style=\"--awb-pic-style-color:#6f727b;--awb-pic-borderradius:0px;--awb-margin-top:0px;--awb-margin-right:0px;--awb-margin-bottom:0px;--awb-margin-left:0px;--awb-social-box-border-top:0px;--awb-social-box-border-right:0px;--awb-social-box-border-bottom:0px;--awb-social-box-border-left:0px;--awb-social-box-border-color:var(--awb-color3);--awb-social-box-border-color-hover:var(--awb-color4);--awb-social-box-colors-hover:rgba(233,233,233,0.8);--awb-social-icon-boxed-colors:#e9e9e9;--awb-social-icon-colors:#513838;--awb-social-icon-colors-hover:rgba(81,56,56,0.8);\"><div class=\"person-shortcode-image-wrapper\"><div class=\"person-image-container hover-type-none\" style=\"border:0px solid #f6f6f6;-webkit-border-radius:0px;-moz-border-radius:0px;border-radius:0px;\"><img loading=\"lazy\" decoding=\"async\" class=\"person-img img-responsive wp-image-2248\" width=\"640\" height=\"640\" src=\"https:\/\/ananya.ro\/wp-content\/uploads\/2019\/12\/MG_7973_resized-1.jpg\" alt=\"Minodora Timis\" srcset=\"https:\/\/ananya.ro\/wp-content\/uploads\/2019\/12\/MG_7973_resized-1-200x200.jpg 200w, https:\/\/ananya.ro\/wp-content\/uploads\/2019\/12\/MG_7973_resized-1-400x400.jpg 400w, https:\/\/ananya.ro\/wp-content\/uploads\/2019\/12\/MG_7973_resized-1-600x600.jpg 600w, https:\/\/ananya.ro\/wp-content\/uploads\/2019\/12\/MG_7973_resized-1.jpg 640w\" sizes=\"auto, (max-width: 1580px) 100vw, 600px\" \/><\/div><\/div><div class=\"person-desc\"><div class=\"person-author\"><div class=\"person-author-wrapper\"><span class=\"person-name\">Minodora Timis<\/span><span class=\"person-title\">Profesoara - Aerial Yoga <\/span><\/div><\/div><div class=\"person-content fusion-clearfix\">Minodora a inceput Aerial Yoga ca si un hobby si acum este bucuroasa acum sa fie licentiata in Pilates, Aerial Yoga si Tae Bo. Ii place sa isi impartasesca pasiunea cu ceilalti, intr-un mod riguros, dar mereu zambitoare si energetica.<\/div><\/div><\/div><div class=\"fusion-button-wrapper\"><a class=\"fusion-button button-flat fusion-button-default-size button-default fusion-button-default button-1 fusion-button-default-span fusion-button-default-type\" target=\"_self\" href=\"https:\/\/ananya.ro\/index.php\/minodora-2\/\"><span class=\"fusion-button-text awb-button__text awb-button__text--default\">Book an online class<\/span><\/a><\/div><div class=\"fusion-clearfix\"><\/div><\/div><\/div><div class=\"fusion-layout-column fusion_builder_column fusion-builder-column-3 fusion_builder_column_1_2 1_2 fusion-one-half fusion-column-last\" style=\"--awb-bg-size:cover;--awb-border-color:#9e9e9e;--awb-border-top:0;--awb-border-right:0;--awb-border-bottom:0;--awb-border-left:0;--awb-border-style:solid;width:50%;width:calc(50% - ( ( 4% ) * 0.5 ) );\"><div class=\"fusion-column-wrapper fusion-column-has-shadow fusion-flex-column-wrapper-legacy\"><div class=\"fusion-person person fusion-person-left fusion-person-2 fusion-person-icon-top\" style=\"--awb-pic-style-color:#6f727b;--awb-pic-borderradius:0px;--awb-margin-top:0px;--awb-margin-right:0px;--awb-margin-bottom:0px;--awb-margin-left:0px;--awb-social-box-border-top:0px;--awb-social-box-border-right:0px;--awb-social-box-border-bottom:0px;--awb-social-box-border-left:0px;--awb-social-box-border-color:var(--awb-color3);--awb-social-box-border-color-hover:var(--awb-color4);--awb-social-box-colors-hover:rgba(233,233,233,0.8);--awb-social-icon-boxed-colors:#e9e9e9;--awb-social-icon-colors:#513838;--awb-social-icon-colors-hover:rgba(81,56,56,0.8);\"><div class=\"person-shortcode-image-wrapper\"><div class=\"person-image-container hover-type-none\" style=\"border:0px solid #f6f6f6;-webkit-border-radius:0px;-moz-border-radius:0px;border-radius:0px;\"><img loading=\"lazy\" decoding=\"async\" class=\"person-img img-responsive wp-image-2249\" width=\"640\" height=\"640\" src=\"https:\/\/ananya.ro\/wp-content\/uploads\/2019\/12\/MG_8033_resized-1.jpg\" alt=\"Andreea Lorena Mocan\" srcset=\"https:\/\/ananya.ro\/wp-content\/uploads\/2019\/12\/MG_8033_resized-1-200x200.jpg 200w, https:\/\/ananya.ro\/wp-content\/uploads\/2019\/12\/MG_8033_resized-1-400x400.jpg 400w, https:\/\/ananya.ro\/wp-content\/uploads\/2019\/12\/MG_8033_resized-1-600x600.jpg 600w, https:\/\/ananya.ro\/wp-content\/uploads\/2019\/12\/MG_8033_resized-1.jpg 640w\" sizes=\"auto, (max-width: 1580px) 100vw, 600px\" \/><\/div><\/div><div class=\"person-desc\"><div class=\"person-author\"><div class=\"person-author-wrapper\"><span class=\"person-name\">Andreea Lorena Mocan<\/span><span class=\"person-title\">Profesoara - Vinyasa Yoga <\/span><\/div><\/div><div class=\"person-content fusion-clearfix\">Andreea a inceput sa practice yoga in urma cu 7 ani, iar in ultimii 3 ani, locuind intr-un mediu stresant in Londra, a descoperit beneficiile aceastei practici. A aprofundat apoi printr-un curs de 200 de ore cu profesorul Mukesh Kothari de la Bindusar Yoga School si acum este bucuroasa sa impartaseasca cunostintele ei si celorlalti.<\/div><\/div><\/div><div class=\"fusion-button-wrapper\"><a class=\"fusion-button button-flat fusion-button-default-size button-default fusion-button-default button-2 fusion-button-default-span fusion-button-default-type\" target=\"_self\" href=\"https:\/\/ananya.ro\/index.php\/andreeas-schedule\/\"><span class=\"fusion-button-text awb-button__text awb-button__text--default\">Book an online class<\/span><\/a><\/div><div class=\"fusion-clearfix\"><\/div><\/div><\/div><\/div><\/div><div class=\"fusion-fullwidth fullwidth-box fusion-builder-row-4 nonhundred-percent-fullwidth non-hundred-percent-height-scrolling\" style=\"--awb-border-radius-top-left:0px;--awb-border-radius-top-right:0px;--awb-border-radius-bottom-right:0px;--awb-border-radius-bottom-left:0px;--awb-flex-wrap:wrap;\" ><div class=\"fusion-builder-row fusion-row\"><div class=\"fusion-layout-column fusion_builder_column fusion-builder-column-4 fusion_builder_column_1_2 1_2 fusion-one-half fusion-column-first\" style=\"--awb-bg-size:cover;--awb-border-color:#9e9e9e;--awb-border-top:0;--awb-border-right:0;--awb-border-bottom:0;--awb-border-left:0;--awb-border-style:solid;width:50%;width:calc(50% - ( ( 4% ) * 0.5 ) );margin-right: 4%;\"><div class=\"fusion-column-wrapper fusion-column-has-shadow fusion-flex-column-wrapper-legacy\"><div class=\"fusion-person person fusion-person-left fusion-person-3 fusion-person-icon-top\" style=\"--awb-pic-style-color:#6f727b;--awb-pic-borderradius:0px;--awb-margin-top:0px;--awb-margin-right:0px;--awb-margin-bottom:0px;--awb-margin-left:0px;--awb-social-box-border-top:0px;--awb-social-box-border-right:0px;--awb-social-box-border-bottom:0px;--awb-social-box-border-left:0px;--awb-social-box-border-color:var(--awb-color3);--awb-social-box-border-color-hover:var(--awb-color4);--awb-social-box-colors-hover:rgba(233,233,233,0.8);--awb-social-icon-boxed-colors:#e9e9e9;--awb-social-icon-colors:#513838;--awb-social-icon-colors-hover:rgba(81,56,56,0.8);\"><div class=\"person-shortcode-image-wrapper\"><div class=\"person-image-container hover-type-none\" style=\"border:0px solid #f6f6f6;-webkit-border-radius:0px;-moz-border-radius:0px;border-radius:0px;\"><img loading=\"lazy\" decoding=\"async\" class=\"person-img img-responsive wp-image-2251\" width=\"640\" height=\"640\" src=\"https:\/\/ananya.ro\/wp-content\/uploads\/2019\/12\/Monika_resized.jpg\" alt=\"Monika Pal\" srcset=\"https:\/\/ananya.ro\/wp-content\/uploads\/2019\/12\/Monika_resized-200x200.jpg 200w, https:\/\/ananya.ro\/wp-content\/uploads\/2019\/12\/Monika_resized-400x400.jpg 400w, https:\/\/ananya.ro\/wp-content\/uploads\/2019\/12\/Monika_resized-600x600.jpg 600w, https:\/\/ananya.ro\/wp-content\/uploads\/2019\/12\/Monika_resized.jpg 640w\" sizes=\"auto, (max-width: 1580px) 100vw, 600px\" \/><\/div><\/div><div class=\"person-desc\"><div class=\"person-author\"><div class=\"person-author-wrapper\"><span class=\"person-name\">Monika Pal<\/span><span class=\"person-title\">Profesoara - Hatha Yoga for beginners! <\/span><\/div><\/div><div class=\"person-content fusion-clearfix\">Monika are o experien\u021b\u0103 de peste 9 ani \u00een domeniul resurselor umane. Fiind o persoan\u0103 cu mintea deschis\u0103, multicultural\u0103 \u0219i motivat\u0103 de dezvoltarea continu\u0103, ea a descoperit yoga prin practic\u0103 personal\u0103. De\u0219i nu are de g\u00e2nd s\u0103 renun\u021be la prima ei pasiune, meseria de HR, din dorin\u021ba de cunoa\u0219tere \u0219i aprofundare, a urmat un curs de predare yoga, de 200 de ore (200 h TTC).<\/div><\/div><\/div><div class=\"fusion-button-wrapper\"><a class=\"fusion-button button-flat fusion-button-default-size button-default fusion-button-default button-3 fusion-button-default-span fusion-button-default-type\" target=\"_self\" href=\"https:\/\/ananya.ro\/index.php\/yoga-classes-subscriptions\/\"><span class=\"fusion-button-text awb-button__text awb-button__text--default\">Book an online class<\/span><\/a><\/div><div class=\"fusion-clearfix\"><\/div><\/div><\/div><div class=\"fusion-layout-column fusion_builder_column fusion-builder-column-5 fusion_builder_column_1_2 1_2 fusion-one-half fusion-column-last\" style=\"--awb-bg-size:cover;--awb-border-color:#9e9e9e;--awb-border-top:0;--awb-border-right:0;--awb-border-bottom:0;--awb-border-left:0;--awb-border-style:solid;width:50%;width:calc(50% - ( ( 4% ) * 0.5 ) );\"><div class=\"fusion-column-wrapper fusion-column-has-shadow fusion-flex-column-wrapper-legacy\"><div class=\"fusion-person person fusion-person-left fusion-person-4 fusion-person-icon-top\" style=\"--awb-pic-style-color:#6f727b;--awb-pic-borderradius:0px;--awb-margin-top:0px;--awb-margin-right:0px;--awb-margin-bottom:0px;--awb-margin-left:0px;--awb-social-box-border-top:0px;--awb-social-box-border-right:0px;--awb-social-box-border-bottom:0px;--awb-social-box-border-left:0px;--awb-social-box-border-color:var(--awb-color3);--awb-social-box-border-color-hover:var(--awb-color4);--awb-social-box-colors-hover:rgba(233,233,233,0.8);--awb-social-icon-boxed-colors:#e9e9e9;--awb-social-icon-colors:#513838;--awb-social-icon-colors-hover:rgba(81,56,56,0.8);\"><div class=\"person-shortcode-image-wrapper\"><div class=\"person-image-container hover-type-none\" style=\"border:0px solid #f6f6f6;-webkit-border-radius:0px;-moz-border-radius:0px;border-radius:0px;\"><img loading=\"lazy\" decoding=\"async\" class=\"person-img img-responsive wp-image-2242\" width=\"640\" height=\"640\" src=\"https:\/\/ananya.ro\/wp-content\/uploads\/2019\/12\/Manish-Bhatia.jpg\" alt=\"Maneesh Bhatia\" srcset=\"https:\/\/ananya.ro\/wp-content\/uploads\/2019\/12\/Manish-Bhatia-200x200.jpg 200w, https:\/\/ananya.ro\/wp-content\/uploads\/2019\/12\/Manish-Bhatia-400x400.jpg 400w, https:\/\/ananya.ro\/wp-content\/uploads\/2019\/12\/Manish-Bhatia-600x600.jpg 600w, https:\/\/ananya.ro\/wp-content\/uploads\/2019\/12\/Manish-Bhatia.jpg 640w\" sizes=\"auto, (max-width: 1580px) 100vw, 600px\" \/><\/div><\/div><div class=\"person-desc\"><div class=\"person-author\"><div class=\"person-author-wrapper\"><span class=\"person-name\">Maneesh Bhatia<\/span><span class=\"person-title\">Profesor - Yoga<\/span><\/div><\/div><div class=\"person-content fusion-clearfix\"><\/div><\/div><\/div><div class=\"fusion-button-wrapper\"><a class=\"fusion-button button-flat fusion-button-default-size button-default fusion-button-default button-4 fusion-button-default-span fusion-button-default-type\" target=\"_self\" href=\"https:\/\/ananya.ro\/index.php\/manish-bhatia-class-schedule\/\"><span class=\"fusion-button-text awb-button__text awb-button__text--default\">Book an online class<\/span><\/a><\/div><div class=\"fusion-clearfix\"><\/div><\/div><\/div><\/div><\/div><div class=\"fusion-bg-parallax\" data-bg-align=\"center bottom\" data-direction=\"up\" data-mute=\"false\" data-opacity=\"100\" data-velocity=\"-0.3\" data-mobile-enabled=\"false\" data-break_parents=\"0\" data-bg-image=\"https:\/\/mlkw0hsvzhpi.i.optimole.com\/w:1024\/h:682\/q:67\/https:\/\/ananya.ro\/wp-content\/uploads\/2019\/12\/Temple4.jpg\" data-bg-repeat=\"false\" ><\/div><div class=\"fusion-fullwidth fullwidth-box fusion-builder-row-5 fusion-parallax-up nonhundred-percent-fullwidth non-hundred-percent-height-scrolling\" style=\"--awb-background-position:center bottom;--awb-border-sizes-top:0px;--awb-border-sizes-bottom:0px;--awb-border-sizes-left:0px;--awb-border-sizes-right:0px;--awb-border-radius-top-left:0px;--awb-border-radius-top-right:0px;--awb-border-radius-bottom-right:0px;--awb-border-radius-bottom-left:0px;--awb-padding-top:0%;--awb-padding-bottom:0%;--awb-background-image:url(&quot;https:\/\/mlkw0hsvzhpi.i.optimole.com\/w:1024\/h:682\/q:67\/https:\/\/ananya.ro\/wp-content\/uploads\/2019\/12\/Temple4.jpg&quot;);--awb-background-size:cover;--awb-flex-wrap:wrap;\" ><div class=\"fusion-builder-row fusion-row\"><div class=\"fusion-layout-column fusion_builder_column fusion-builder-column-6 fusion_builder_column_1_5 1_5 fusion-one-fifth fusion-column-first fusion-no-small-visibility\" style=\"--awb-bg-size:cover;width:16.8%; margin-right: 4%;\"><div class=\"fusion-column-wrapper fusion-flex-column-wrapper-legacy\"><div class=\"fusion-clearfix\"><\/div><\/div><\/div><div class=\"fusion-layout-column fusion_builder_column fusion-builder-column-7 fusion_builder_column_3_5 3_5 fusion-three-fifth\" style=\"--awb-bg-size:cover;--awb-margin-top:75px;--awb-margin-bottom:75px;width:58.4%; margin-right: 4%;\"><div class=\"fusion-column-wrapper fusion-column-has-shadow fusion-flex-column-wrapper-legacy\"><div class=\"fusion-testimonials clean awb-speech-bubble-show fusion-testimonials-1\" style=\"--awb-textcolor:#ffffff;--awb-backgroundcolor:rgba(255,255,255,0);--awb-testimonial-border-style:solid;--awb-testimonial-border-color:var(--awb-color3);--awb-border-top-left-radius:0px;--awb-border-top-right-radius:0px;--awb-border-bottom-left-radius:0px;--awb-border-bottom-right-radius:0px;--testimonial-border-width-top:0px;--testimonial-border-width-right:0px;--testimonial-border-width-bottom:0px;--testimonial-border-width-left:0px;\" data-random=\"0\" data-speed=\"4000\"><div class=\"reviews\"><div class=\"review active-testimonial avatar-above no-avatar\"><blockquote class=\"testimonials-shortcode-blockquote\"><div class=\"awb-quote\"><div class=\"awb-quote-content\">\n<h1 style=\"text-align: center;\" data-fontsize=\"62\" data-lineheight=\"68\"><em>\u201cMy body is my temple and asanas are my prayers\u201d<\/em><\/h1>\n<\/div><\/div><\/blockquote><div class=\"author\"><span class=\"company-name\"><strong>B.K.S Iyengar<\/strong>, <span>Yoga Guru<\/span><\/span><\/div><\/div><\/div><\/div><div class=\"fusion-clearfix\"><\/div><\/div><\/div><div class=\"fusion-layout-column fusion_builder_column fusion-builder-column-8 fusion_builder_column_1_5 1_5 fusion-one-fifth fusion-column-last fusion-no-small-visibility\" style=\"--awb-bg-size:cover;width:16.8%;\"><div class=\"fusion-column-wrapper fusion-flex-column-wrapper-legacy\"><div class=\"fusion-clearfix\"><\/div><\/div><\/div><\/div><\/div>\n<div class=\"fusion-bg-parallax\" data-bg-align=\"left top\" data-direction=\"up\" data-mute=\"false\" data-opacity=\"100\" data-velocity=\"-0.2\" data-mobile-enabled=\"false\" data-break_parents=\"0\" data-bg-image=\"https:\/\/mlkw0hsvzhpi.i.optimole.com\/w:auto\/h:auto\/q:67\/https:\/\/ananya.ro\/wp-content\/uploads\/2018\/06\/ptb_cta-new.jpg\" data-bg-repeat=\"false\" data-bg-color=\"#5c5b5c\" ><\/div><div class=\"fusion-fullwidth fullwidth-box fusion-builder-row-6 fusion-parallax-up nonhundred-percent-fullwidth non-hundred-percent-height-scrolling fusion-equal-height-columns\" style=\"--awb-background-position:left top;--awb-border-sizes-top:0px;--awb-border-sizes-bottom:0px;--awb-border-sizes-left:0px;--awb-border-sizes-right:0px;--awb-border-radius-top-left:0px;--awb-border-radius-top-right:0px;--awb-border-radius-bottom-right:0px;--awb-border-radius-bottom-left:0px;--awb-padding-top:20px;--awb-padding-bottom:10px;--awb-background-color:#5c5b5c;--awb-background-image:url(&quot;https:\/\/mlkw0hsvzhpi.i.optimole.com\/w:auto\/h:auto\/q:67\/https:\/\/ananya.ro\/wp-content\/uploads\/2018\/06\/ptb_cta-new.jpg&quot;);--awb-background-size:cover;--awb-flex-wrap:wrap;\" ><div class=\"fusion-builder-row fusion-row\"><div class=\"fusion-layout-column fusion_builder_column fusion-builder-column-9 fusion_builder_column_1_1 1_1 fusion-one-full fusion-column-first fusion-column-last\" style=\"--awb-bg-size:cover;--awb-margin-top:0px;--awb-margin-bottom:5px;\"><div class=\"fusion-column-wrapper fusion-column-has-shadow fusion-flex-column-wrapper-legacy\"><div class=\"fusion-column-content-centered\"><div class=\"fusion-column-content\"><div class=\"fusion-text fusion-text-3\"><h2 style=\"text-align: center;\" data-inline-fontsize=\"30px\" data-inline-lineheight=\"1.4em\" data-fontsize=\"30\" data-lineheight=\"42\">Take some time. Treat yourself. You deserve it.<\/h2>\n<\/div><\/div><\/div><div class=\"fusion-clearfix\"><\/div><\/div><\/div><div class=\"fusion-layout-column fusion_builder_column fusion-builder-column-10 fusion_builder_column_1_1 1_1 fusion-one-full fusion-column-first fusion-column-last\" style=\"--awb-bg-size:cover;--awb-margin-top:0px;--awb-margin-bottom:0px;\"><div class=\"fusion-column-wrapper fusion-column-has-shadow fusion-flex-column-wrapper-legacy\"><div class=\"fusion-column-content-centered\"><div class=\"fusion-column-content\"><div class=\"fusion-aligncenter\"><a class=\"fusion-button button-flat fusion-button-default-size button-default fusion-button-default button-5 fusion-button-default-span fusion-button-default-type\" target=\"_self\" href=\"https:\/\/ananya.ro\/index.php\/yoga\/\"><span class=\"fusion-button-text awb-button__text awb-button__text--default\">Yoga<\/span><\/a><\/div><div class=\"fusion-sep-clear\"><\/div><div class=\"fusion-separator fusion-full-width-sep\" style=\"margin-left: auto;margin-right: auto;margin-top:5px;margin-bottom:5px;width:100%;\"><\/div><div class=\"fusion-sep-clear\"><\/div><\/div><\/div><div class=\"fusion-clearfix\"><\/div><\/div><\/div><div class=\"fusion-layout-column fusion_builder_column fusion-builder-column-11 fusion_builder_column_1_1 1_1 fusion-one-full fusion-column-first fusion-column-last\" style=\"--awb-bg-size:cover;--awb-margin-top:0px;--awb-margin-bottom:0px;\"><div class=\"fusion-column-wrapper fusion-column-has-shadow fusion-flex-column-wrapper-legacy\"><div class=\"fusion-column-content-centered\"><div class=\"fusion-column-content\"><div class=\"fusion-aligncenter\"><a class=\"fusion-button button-flat fusion-button-default-size button-default fusion-button-default button-6 fusion-button-default-span fusion-button-default-type\" target=\"_self\" href=\"https:\/\/ananya.ro\/index.php\/masaj\/\"><span class=\"fusion-button-text awb-button__text awb-button__text--default\">MASAJ<\/span><\/a><\/div><\/div><\/div><div class=\"fusion-clearfix\"><\/div><\/div><\/div><\/div><\/div>\n<div class=\"fusion-fullwidth fullwidth-box fusion-builder-row-7 fusion-flex-container nonhundred-percent-fullwidth non-hundred-percent-height-scrolling\" style=\"--awb-border-radius-top-left:0px;--awb-border-radius-top-right:0px;--awb-border-radius-bottom-right:0px;--awb-border-radius-bottom-left:0px;--awb-flex-wrap:wrap;\" ><div class=\"fusion-builder-row fusion-row fusion-flex-align-items-flex-start fusion-flex-content-wrap\" style=\"max-width:1216.8px;margin-left: calc(-4% \/ 2 );margin-right: calc(-4% \/ 2 );\"><div class=\"fusion-layout-column fusion_builder_column fusion-builder-column-12 fusion_builder_column_1_1 1_1 fusion-flex-column\" style=\"--awb-bg-size:cover;--awb-width-large:100%;--awb-margin-top-large:20px;--awb-spacing-right-large:1.92%;--awb-margin-bottom-large:20px;--awb-spacing-left-large:1.92%;--awb-width-medium:100%;--awb-order-medium:0;--awb-spacing-right-medium:1.92%;--awb-spacing-left-medium:1.92%;--awb-width-small:100%;--awb-order-small:0;--awb-spacing-right-small:1.92%;--awb-spacing-left-small:1.92%;\"><div class=\"fusion-column-wrapper fusion-column-has-shadow fusion-flex-justify-content-flex-start fusion-content-layout-column\"><script src=\"\/\/widget.simplybook.it\/v2\/widget\/widget.js\"><\/script>\n<script>var widget = new SimplybookWidget({\"widget_type\":\"reviews\",\"url\":\"https:\\\/\\\/loginananya.simplybook.it\",\"theme\":\"tender\",\"theme_settings\":{\"sb_base_color\":\"#d42853\",\"timeline_hide_unavailable\":\"0\",\"timeline_show_end_time\":\"0\",\"timeline_modern_display\":\"as_slots\",\"display_item_mode\":\"block\",\"booking_nav_bg_color\":\"#dbdbd8\",\"body_bg_color\":\"#ffffff\",\"dark_font_color\":\"#474747\",\"light_font_color\":\"#ffffff\",\"btn_color_1\":\"#517dc4\",\"sb_company_label_color\":\"#ffffff\",\"hide_img_mode\":\"\",\"show_sidebar\":\"1\",\"sb_busy\":\"#dad2ce\",\"sb_available\":\"#d3e0f1\"},\"timeline\":null,\"datepicker\":null,\"is_rtl\":false,\"app_config\":{\"predefined\":[]},\"reviews_count\":\"3\",\"hide_add_reviews\":\"0\"});<\/script><\/div><\/div><\/div><\/div><\/p>\n","protected":false},"excerpt":{"rendered":"","protected":false},"author":1,"featured_media":0,"parent":0,"menu_order":0,"comment_status":"closed","ping_status":"closed","template":"100-width.php","meta":{"_acf_changed":false,"footnotes":""},"class_list":["post-1517","page","type-page","status-publish","hentry"],"acf":[],"_links":{"self":[{"href":"https:\/\/ananya.ro\/index.php\/wp-json\/wp\/v2\/pages\/1517","targetHints":{"allow":["GET"]}}],"collection":[{"href":"https:\/\/ananya.ro\/index.php\/wp-json\/wp\/v2\/pages"}],"about":[{"href":"https:\/\/ananya.ro\/index.php\/wp-json\/wp\/v2\/types\/page"}],"author":[{"embeddable":true,"href":"https:\/\/ananya.ro\/index.php\/wp-json\/wp\/v2\/users\/1"}],"replies":[{"embeddable":true,"href":"https:\/\/ananya.ro\/index.php\/wp-json\/wp\/v2\/comments?post=1517"}],"version-history":[{"count":11,"href":"https:\/\/ananya.ro\/index.php\/wp-json\/wp\/v2\/pages\/1517\/revisions"}],"predecessor-version":[{"id":3139,"href":"https:\/\/ananya.ro\/index.php\/wp-json\/wp\/v2\/pages\/1517\/revisions\/3139"}],"wp:attachment":[{"href":"https:\/\/ananya.ro\/index.php\/wp-json\/wp\/v2\/media?parent=1517"}],"curies":[{"name":"wp","href":"https:\/\/api.w.org\/{rel}","templated":true}]}}