{"id":1073,"date":"2019-12-11T21:41:07","date_gmt":"2019-12-11T21:41:07","guid":{"rendered":"http:\/\/89.37.143.192\/?page_id=1073"},"modified":"2023-07-22T17:11:45","modified_gmt":"2023-07-22T17:11:45","slug":"politica-de-confidentialitate","status":"publish","type":"page","link":"https:\/\/ananya.ro\/index.php\/politica-de-confidentialitate\/","title":{"rendered":"Politica     de     cookie, confiden\u021bialitate &#038; GDPR"},"content":{"rendered":"<p><div class=\"fusion-fullwidth fullwidth-box fusion-builder-row-1 nonhundred-percent-fullwidth non-hundred-percent-height-scrolling\" style=\"--awb-border-radius-top-left:0px;--awb-border-radius-top-right:0px;--awb-border-radius-bottom-right:0px;--awb-border-radius-bottom-left:0px;--awb-flex-wrap:wrap;\" ><div class=\"fusion-builder-row fusion-row\"><div class=\"fusion-layout-column fusion_builder_column fusion-builder-column-0 fusion_builder_column_1_1 1_1 fusion-one-full fusion-column-first fusion-column-last\" style=\"--awb-bg-size:cover;--awb-margin-top:0px;--awb-margin-bottom:0px;\"><div class=\"fusion-column-wrapper fusion-flex-column-wrapper-legacy\"><div class=\"fusion-text fusion-text-1\"><div class=\"fusion-text fusion-text-1\"><\/div>\n<p><strong>Politica de confiden\u021bialitate &amp; GDRP<\/strong><\/p>\n<p>&nbsp;<\/p>\n<p><strong>Introducere<\/strong><\/p>\n<p>S.C. MIND AND BODY RETREAT CENTER S.R.L., o societate \u00eenregistrat\u0103 \u00een mod corespunz\u0103tor \u0219i care func\u021bioneaz\u0103 \u00een conformitate cu legile din Rom\u00e2nia, \u00eenregistrat\u0103 la Registrul Comer\u021bului sub nr. J12\/2761\/2018, cod de \u00eenregistrare fiscal\u0103 39539966, cu sediul social \u00een Cluj Napoca str. DOROBANTILOR, NR 15\/3, cod postal 400118\u00a0(\u201eCompania\u201d, \u201eNoi\u201d sau \u201eNou\u0103\u201d) va respecta confiden\u021bialitatea \u0219i se angajeaz\u0103 s\u0103 o protejeze prin respectarea prezentei Politici de confiden\u021bialitate.<\/p>\n<p>Compania este operatorul de date \u00een ceea ce prive\u0219te prelucrarea datelor dumneavoastr\u0103 cu caracter personal, \u00een sensul Regulamentului General privind Protec\u021bia Datelor nr. 679\/2016 pentru protec\u021bia persoanelor fizice cu privire la prelucrarea datelor cu caracter personal \u0219i libera circula\u021bie a acestor date.<\/p>\n<p>Prezenta Politic\u0103 de confiden\u021bialitate descrie informa\u021biile cu caracter personal pe care le colect\u0103m de la dumneavoastr\u0103 sau pe care le furniza\u021bi pe\u00a0<a href=\"https:\/\/www.fancourier.ro\/\">www.ananya.ro<\/a> (\u201eSite-ul\u201d noastre) \u0219i modul \u00een care aceste informa\u021bii pot fi utilizate sau divulgate de noi.<\/p>\n<p>Politica noastr\u0103 de confiden\u021bialitate nu se aplic\u0103 informa\u021biilor colectate de pe orice site ter\u021b care poate avea un link c\u0103tre sau este accesibil de pe Site-ul nostru.<\/p>\n<p>V\u0103 rug\u0103m s\u0103 citi\u021bi cu aten\u021bie cele ce urmeaz\u0103 pentru a \u00een\u021belege politicile \u0219i practicile noastre cu privire la informa\u021biile dumneavoastr\u0103 cu caracter personal \u0219i modul \u00een care le vom trata.<\/p>\n<p><strong>\u00a0Informa\u021biile pe care le colect\u0103m despre dumneavoastr\u0103<\/strong><\/p>\n<p>Colect\u0103m mai multe tipuri de informa\u021bii de la \u0219i despre utilizatorii Site-urilor noastre, inclusiv, de exemplu:<\/p>\n<ul>\n<li>informa\u021bii pe care le colect\u0103m c\u00e2nd naviga\u021bi pe Site-ul nostru, inclusiv adrese IP, cookie-uri \u0219i web beacon-uri;<\/li>\n<li>nume \u0219i prenume, detalii de contact, \u00eenregistr\u0103ri \u0219i copii ale coresponden\u021bei (inclusiv adrese de e-mail), \u00een cazul \u00een care ne contacta\u021bi \u0219i accesa\u021bi online serviciile ANANYA.<\/li>\n<\/ul>\n<p>&nbsp;<\/p>\n<p><strong>Detalii de utilizare, adrese IP, cookie-uri \u0219i alte tehnologii:<\/strong><\/p>\n<ul>\n<li>Detalii de utilizare \u0219i adrese IP.\u00a0Putem colecta informa\u021bii statistice cu privire la echipamentele, ac\u021biunile \u0219i tiparele de navigare ale utilizatorilor Site-urilor noastre. Aceste informa\u021bii deriv\u0103 din vizita \u0219i navigarea dumneavoastr\u0103 pe Site. Informa\u021biile pot include, de exemplu: (a) trafic, date privind jurnale \u0219i alte date de comunicare; (b) informa\u021bii cu privire la resursele pe care le accesa\u021bi; \u0219i (c) informa\u021bii cu privire la computerul \u0219i conexiunea dumneavoastr\u0103 la internet (de exemplu, inclusiv adresa dumneavoastr\u0103 IP, sistemul de operare \u0219i tipul de browser), pentru administrarea sistemului;<\/li>\n<li>Cookie-uri. Putem ob\u021bine informa\u021bii referitoare la utilizarea general\u0103 a internetului de c\u0103tre dumneavoastr\u0103 utiliz\u00e2nd cookie-uri. Un cookie este un mic fi\u0219ier stocat pe hard drive-ul computerului dumneavoastr\u0103. Utilizarea cookie-urilor ne ajut\u0103 s\u0103 ne \u00eembun\u0103t\u0103\u021bim Site-ul \u0219i s\u0103 oferim un serviciu mai bun \u0219i mai personalizat, ceea ce ne permite s\u0103:\n<ul>\n<li>estim\u0103m dimensiunea publicului \u0219i tiparele de utilizare;<\/li>\n<li>stoc\u0103m informa\u021bii referitoare la preferin\u021bele dumneavoastr\u0103, ceea ce ne permite s\u0103 ne personaliz\u0103m Site-ul \u00een conformitate cu interesele dumneavoastr\u0103 individuale;<\/li>\n<li>s\u0103 v\u0103 recunoa\u0219tem atunci c\u00e2nd reveni\u021bi pe Site-ul nostru.<\/li>\n<\/ul>\n<\/li>\n<\/ul>\n<p>&nbsp;<\/p>\n<p>Pute\u021bi refuza s\u0103 accepta\u021bi cookie-uri prin activarea set\u0103rii corespunz\u0103toare de pe browserul dumneavoastr\u0103. Dac\u0103 selecta\u021bi aceast\u0103 setare, este posibil s\u0103 nu ave\u021bi acces la anumite p\u0103r\u021bi ale Site-urilor noastre. Dac\u0103 nu a\u021bi ajustat setarea browserului dumneavoastr\u0103 astfel \u00eenc\u00e2t s\u0103 refuze cookie-urile, sistemul dumneavoastr\u0103 va continua s\u0103 accepte cookie-uri atunci c\u00e2nd v\u0103 direc\u021biona\u021bi browserul c\u0103tre Site-ul nostru. V\u0103 rug\u0103m s\u0103 v\u0103 referi\u021bi \u00een continuare la\u00a0Politica de utilizare Cookies.\u00a0<\/p>\n<ul>\n<li>Beacon-uri web.\u00a0Unele pagini ale Site-urilor pot con\u021bine imagini electronice cunoscute drept beacon-uri web (denumite \u0219i gif-uri cu un singur pixel). Beacon-urile web permit Companiei s\u0103 colecteze anumite informa\u021bii \u00een leg\u0103tur\u0103 cu utilizatorii Site-ului, inclusiv, de exemplu, num\u0103rul de utilizatori care acceseaz\u0103 fiecare pagina web, date privind traficul, date privind jurnale \u0219i alte date de comunicare, informa\u021bii \u00een leg\u0103tura cu accesul la resurse \u0219i informa\u021bii referitoare la computerul \u0219i conexiunea la internet a utilizatorului (inclusiv adrese IP, sisteme de operare \u0219i tipul de browser). Beacon-urile web nu sunt utilizate pentru a v\u0103 accesa informa\u021biile cu caracter personal de pe Site, ci sunt utilizate doar pentru a compila statistici agregate privind utilizarea Site-ului \u0219i pentru a verifica integritatea sistemului \u0219i a serverului.<\/li>\n<\/ul>\n<p>&nbsp;<\/p>\n<p><strong>Utilizarea informa\u021biilor<\/strong><\/p>\n<p>Utiliz\u0103m informa\u021biile pe care le colect\u0103m despre dumneavoastr\u0103 sau pe care ni le furniza\u021bi dumneavoastr\u0103, inclusiv informa\u021bii cu caracter personal, \u00een urm\u0103toarele scopuri:<\/p>\n<ul>\n<li>pentru a ne prezenta Site-ul \u0219i con\u021binutul acestuia \u00eentr-un mod adecvat \u0219i eficient pentru dumneavoastr\u0103 \u0219i computerul dumneavoastr\u0103;<\/li>\n<li>pentru a v\u0103 furniza informa\u021biile pe care ni le solicita\u021bi;<\/li>\n<li>pentru a v\u0103 informa despre noile noastre servicii \u0219i produse, sau despre modific\u0103rile aduse acestora, inclusiv direct marketing;<\/li>\n<li>compilarea de statistici privind utilizatorii;<\/li>\n<li>securitatea \u0219i \u00eembun\u0103t\u0103\u021birea Site-urilor noastre.<\/li>\n<\/ul>\n<p>&nbsp;<\/p>\n<p><strong>Divulgarea informa\u021biilor dumneavoastr\u0103<\/strong><\/p>\n<p>Putem divulga informa\u021biile cu caracter personal pe care le ob\u021binem prin intermediul acestor Site-uri c\u0103tre ter\u021bi pentru:<\/p>\n<ul>\n<li>a respecta o hot\u0103r\u00e2re judec\u0103toreasc\u0103 sau alt\u0103 obliga\u021bie juridic\u0103;<\/li>\n<li>a executa sau a aplica Condi\u021biile noastre de utilizare \u0219i alte acorduri;<\/li>\n<li>a proteja drepturile \u0219i bunurile Companiei \u0219i a afilia\u021bilor acesteia. Aceasta include schimbul de informa\u021bii \u00een scopul protej\u0103rii \u00eempotriva fraudei \u0219i al reducerii riscului de credit.<\/li>\n<\/ul>\n<p>Din p\u0103cate, transmiterea de informa\u021bii prin intermediul internetului nu este niciodat\u0103 100% sigur\u0103. Cu toate c\u0103 facem tot posibilul pentru a v\u0103 proteja informa\u021biile cu caracter personal, nu putem garanta securitatea informa\u021biilor dumneavoastr\u0103 cu caracter personal transmise c\u0103tre Site-urilor noastre. Orice transmitere de informa\u021bii cu caracter personal implic\u0103 asumarea din partea dumneavoastr\u0103.\u00a0<\/p>\n<p>Drepturile de care beneficia\u021bi \u00een leg\u0103tura cu procesarea datelor dumneavoastr\u0103 cu caracter personal sunt urm\u0103toarele:<\/p>\n<ul>\n<li>posibilitatea s\u0103 ob\u021bine\u021bi de la Companie, la cerere \u0219i \u00een mod gratuit, confirmarea ca datele dumneavoastr\u0103 cu caracter personal sunt procesate de c\u0103tre noi, precum \u0219i detalii \u00een leg\u0103tur\u0103 cu aceast\u0103 procesare. Cererea poate fi depus\u0103 f\u0103r\u0103 niciun cost doar o dat\u0103 pe an;<\/li>\n<li>dreptul de a rectifica, actualiza, bloca sau de a transforma in date anonime datele a caror prelucrare nu este conforma legii, in special datele incomplete sau inexacte;<\/li>\n<li>dreptul de a v\u0103 opune \u00een orice moment, din motive \u00eentemeiate \u0219i legitime legate de situa\u021bia dumneavoastr\u0103 particular\u0103, la prelucrarea datelor dumneavoastr\u0103 cu caracter personal;<\/li>\n<li>dreptul de a v\u0103 opune \u00een mod gratuit \u0219i f\u0103r\u0103 nicio justificare la procesarea datelor dumneavoastra cu caracter personal pentru marketing direct, \u00een numele operatorilor de date sau \u00een numele unui ter\u021b sau s\u0103 dezv\u0103luim datele dumneavoastr\u0103 \u00een acest scop;<\/li>\n<li>dreptul de a contesta deciziile luate exclusiv pe baza unor prelucr\u0103ri de date efectuate prin mijloace automatizate \u0219i care produc consecin\u021be juridice \u00een ceea ce v\u0103 prive\u0219te.<\/li>\n<\/ul>\n<p>Pentru a v\u0103 exercita aceste drepturi, pute\u021bi depune o cerere, semnat\u0103 \u0219i datat\u0103 la urm\u0103toarea adres\u0103 de email (adresa de e-mail a Responsabilului cu Protec\u021bia Datelor): <a href=\"mailto:wellness@ananya.ro\"><strong>wellness@ananya.ro<\/strong><\/a><strong>.<\/strong><\/p>\n<p><strong>\u00a0<\/strong><\/p>\n<p><strong>Durata stoc\u0103rii<\/strong><\/p>\n<p>Vom p\u0103stra datele dumneavoastr\u0103 cu caracter personal pentru o perioad\u0103 de timp necesar\u0103 pentru scopurile indicate \u00een sec\u021biunea <em>\u201eUtilizarea informa\u021biilor\u201d<\/em>, dar nu mai mult de\u00a03 ani. Dup\u0103 ce datele nu vor mai fi necesare pentru aceste scopuri, urmeaz\u0103 a fi (i) distruse, (ii) transferate c\u0103tre un alt operator de date cu caracter personal, sub condi\u021bia ca datele cu caracter personal s\u0103 fie prelucrate \u00een limite \u0219i scopuri similare cu cele agreate ini\u021bial sau (iii) transformate \u00een date anonime \u0219i p\u0103strate exclusiv pentru scopuri statistice, de cercetare istoric\u0103 sau \u0219tiin\u021bific\u0103.<\/p>\n<p>&nbsp;<\/p>\n<p><strong>Modific\u0103ri aduse Politicii noastre de confiden\u021bialitate<\/strong><\/p>\n<p>Politica noastr\u0103 este s\u0103 post\u0103m orice modific\u0103ri pe care le aducem Politicii noastre de confiden\u021bialitate pe aceast\u0103 pagin\u0103. Data ultimei revizuiri a Politicii noastre de confiden\u021bialitate este men\u021bionat\u0103 \u00een partea de sus a paginii. \u00cen m\u0103sura \u00een care vom aduce modific\u0103ri semnificative acestei Politici de confiden\u021bialitate, \u00een special cu privire la prelucrarea datelor dumneavoastr\u0103 cu caracter personal, v\u0103 vom solicita s\u0103 re\u00eennoi\u021bi acordul cu privire la prezentele Condi\u021bii de utilizare \u00eenainte ca aceste modific\u0103ri s\u0103 se aplice efectiv.<\/p>\n<p><strong>Sesiz\u0103ri cu privire la Confiden\u021bialitate<\/strong><\/p>\n<p>\u00cen m\u0103sura \u00een care ave\u021bi orice \u00eengrijorare cu privire la confiden\u021bialitatea datelor dumneavoastr\u0103 cu caracter personal pe care le proces\u0103m, sau dori\u021bi s\u0103 efectua\u021bi o reclama\u021bie legat\u0103 de confiden\u021bialitate, v\u0103 rug\u0103m s\u0103 ne transmite\u021bi un e-mail la adresa\u00a0Responsabilului cu Protec\u021bia Datelor (DPO): <a href=\"mailto:wellness@ananya.ro\"><strong>wellness@ananya.ro<\/strong><\/a><\/p>\n<p>V\u0103 vom contacta pentru a confirma primirea emailului dumneavoastr\u0103. Dup\u0103 primirea emailului dumneavoastr\u0103, vom investiga \u00eengrijorarea sau reclama\u021bia transmis\u0103 \u0219i vom depune toate eforturile s\u0103 v\u0103 furniz\u0103m r\u0103spunsul nostru \u00eentr-o durat\u0103 de timp rezonabil\u0103.<\/p>\n<p><strong>Date de contact<\/strong><\/p>\n<p>Pentru a transmite \u00eentreb\u0103ri sau comentarii legate de Politica noastr\u0103 de confiden\u021bialitate \u0219i practicile noastre de confiden\u021bialitate, v\u0103 rug\u0103m s\u0103 ne contacta\u021bi folosind datele de contact de pe site sau la\u00a0adresa de e-mail a Responsabilului cu Protec\u021bia Datelor (DPO): <a href=\"mailto:wellness@ananya.ro\"><strong>wellness@ananya.ro<\/strong><\/a><\/p>\n<p><strong>GDPR<\/strong><\/p>\n<p>&nbsp;<\/p>\n<p><strong>IMPORTANT:<\/strong> <em>De fiecare dat\u0103 c\u00e2nd este nevoie, \u00ee\u021bi vom trimite emailuri tranzac\u021bionale, adic\u0103 emailuri referitoare la managementul activit\u0103\u021bii tale \u00een cadrul platformelor noastre (de exemplu, emailuri confirmare booking, emailuri confirmare anulare booking, email schimbare parola etc.).<\/em><\/p>\n<p>Deoarece ne place s\u0103 fim transparen\u021bi \u0219i one\u0219ti cu membrii no\u0219tri \u0219i pentru c\u0103 respect\u0103m legile \u00een vigoare referitoare la prelucrarea datelor personale, vrem s\u0103-\u021bi explic\u0103m c\u00e2teva aspecte importante despre modul \u00een care \u00ee\u021bi prelucr\u0103m datele tale personale, \u00een conformitate cu Regulamentului 2016\/679\/UE.<\/p>\n<p><strong>Cum \u00ee\u021bi prelucr\u0103m datele cu caracter personal<\/strong><\/p>\n<p>Noi prelucr\u0103m datele tale cu caracter personal \u00een scop contractual \u0219i legal. Temeiul prelucr\u0103rii este constituit de contractul de membru \u0219i prevederile legale aplicabile. A\u0219adar, pentru a facilita desf\u0103\u0219urarea activit\u0103\u021bilor aflate \u00een leg\u0103tur\u0103 cu contractul \u0219i\/ sau pentru \u00eendeplinirea obliga\u021biilor legale, comunic\u0103m aceste date c\u0103tre afilia\u021bi, parteneri contractuali, auditori, consultan\u021bi sau c\u0103tre autorit\u0103\u021bi \u0219i institu\u021bii publice.<\/p>\n<p>Tot \u00een acest scop este posibil s\u0103 existe anumite situa\u021bii \u00een are transfer\u0103m datele \u00een sau \u00een afara Uniunii Europene c\u0103tre afilia\u021bii no\u0219tri, pentru prevenirea fraudelor, rapoarte interne, analiz\u0103 sau pentru \u00eembun\u0103t\u0103\u021birea serviciilor oferite de c\u0103tre Mind And Body Retreat Center SRL\u00a0 Toate detaliile despre aceste proceduri le po\u021bi g\u0103si \u00een sec\u021biunea <a href=\"https:\/\/ananya.ro\/index.php\/politica-de-confidentialitate\/\">https:\/\/ananya.ro\/index.php\/politica-de-confidentialitate\/<\/a> a site-ului nostru. Datele tale personale sunt prelucrate pe toat\u0103 durata contractual\u0103, p\u00e2n\u0103 la expirarea obliga\u021biilor contractuale \u0219i p\u00e2n\u0103 la expirarea termenelor de arhivare.<\/p>\n<p>Concret, \u00ee\u021bi prelucr\u0103m datele personale pentru:<\/p>\n<ul>\n<li>\u00eendeplinirea obliga\u021biilor \u0219i drepturilor care reies din contractul cu tine<\/li>\n<li>\u00eendeplinirea unor interese legitime Mind And Body Retreat Center SRL \u00een beneficiul t\u0103u, precum:<\/li>\n<li>marketing direct pentru promovarea serviciilor \u0219i produselor noastre, de exemplu, oferte de abonamente, promo\u021bii produse, evenimente organizate de Mind And Body Retreat Center SRL \u0219i nu numai<\/li>\n<li>evaluarea gradului t\u0103u de satisfac\u021bie<\/li>\n<li>stabilirea \u0219i evaluarea intereselor tale prin mijloace automate sau nu, pentru a-\u021bi transmite oferte de servicii \u0219i produse c\u00e2t mai potrivite<\/li>\n<li>analize statistice f\u0103r\u0103 crearea de profiluri individuale, inclusiv prin metode automate<\/li>\n<li>\u00een contextul unor posibile fuziuni, achizi\u021bii etc.<\/li>\n<\/ul>\n<p><strong>Datele tale sub controlul t\u0103u<\/strong><\/p>\n<p>Conform Regulamentului 2016\/679\/UE, ai o serie de drepturi referitoare la modul \u00een care companiile \u0219i organiza\u021biile \u00ee\u021bi prelucreaz\u0103 datele cu caracter personal. Iat\u0103 care sunt aceste drepturi:<\/p>\n<ul>\n<li><strong>dreptul de a fi informat<\/strong> \u2013 ai dreptul s\u0103 afli exact ce fel de date personale avem despre tine \u00een baza noastr\u0103 de date<\/li>\n<li><strong>dreptul la acces<\/strong> \u2013 ai dreptul s\u0103 prime\u0219ti de la noi, \u00een mod gratuit, o copie a datelor tale personale pe care le avem \u00een baza noastr\u0103 de date<\/li>\n<li><strong>dreptul la rectificare<\/strong> \u2013 ai dreptul s\u0103 ne solici\u021bi s\u0103-\u021bi modific\u0103m sau s\u0103-\u021bi complet\u0103m datele personale pe care le avem \u00een baza noastr\u0103 de date<\/li>\n<li><strong>dreptul la portabilitate<\/strong> \u2013 ai dreptul s\u0103 ne solici\u021bi datele tale personale \u00eentr-un format structurat, care poate fi citit automat, pe care mai apoi s\u0103-l trimitem c\u0103tre un alt operator<\/li>\n<li><strong>dreptul de opozi\u021bie<\/strong> \u2013 po\u021bi s\u0103 te opui prelucr\u0103rii datelor tale personale \u00een scopuri de marketing, cercetare, statistici \u0219i nu numai<\/li>\n<li><strong>dreptul la \u0219tergere sau dreptul de a fi uitat<\/strong> \u2013 po\u021bi s\u0103 ne solici\u021bi s\u0103-\u021bi \u0219tergem datele personale din baza noastr\u0103 de dat\u0103 \u00een cazurile \u00een care nu mai sunt necesare pentru \u00eendeplinirea scopurilor pentru care au fost colectate, \u021bi-ai retras consim\u021b\u0103m\u00e2ntul de prelucrare \u0219i nu sunt temeiuri legale pentru prelucrarea datelor tale, datele au fost colectate ilegal, datele trebuie \u0219terse pentru respectarea unei obliga\u021bii legale etc.<\/li>\n<li><strong>dreptul la restric\u021bionarea prelucr\u0103rii<\/strong> \u2013 ai dreptul s\u0103 restric\u021bionezi sau s\u0103 blochezi modul \u00een care prelucram datele tale personale<\/li>\n<li><strong>dreptul de a nu fi suspus deciziilor automate<\/strong> \u2013 po\u021bi s\u0103 ne ceri s\u0103 nu-\u021bi prelucr\u0103m datele personale prin mijloace automatizate<\/li>\n<li><strong>dreptul de a depune o pl\u00e2ngere<\/strong> \u00een fa\u021ba Autorit\u0103\u021bii Na\u021bionale de Supraveghere a Prelucr\u0103rii Datelor cu Caracter Personal &#8211; www.dataprotection.ro.<\/li>\n<\/ul>\n<p>Pentru orice probleme, \u00eentreb\u0103ri sau nemul\u021bumiri referitoare la modul \u00een care \u00ee\u021bi prelucr\u0103m datele cu caracter personal ne po\u021bi trimite un e-mail la adresa <a href=\"mailto:wellness@ananya.ro\"><u>wellness@ananya.ro<\/u><\/a><\/p>\n<p>Totodat\u0103, ne angaj\u0103m s\u0103 folosim toate m\u0103surile tehnice \u0219i organizatorice care ne stau la dispozi\u021bie pentru a asigura securitatea datelor tale cu caracter personal, protejarea lor \u00eempotriva distrugerii, modific\u0103rii, dezv\u0103luirii sau accesului neautorizat asupra lor.<\/p>\n<p>Sper\u0103m c\u0103 vei vrea s\u0103 te bucuri \u00een continuare de experien\u021bele oferite de Mind And Body Retreat Center SRL \u0219i c\u0103 ne vei acorda consim\u021b\u0103m\u00e2ntul s\u0103-\u021bi trimitem e-mailuri \u0219i SMS-uri de la noi \u0219i de la partenerii no\u0219tri.<\/p>\n<p>&nbsp;<\/p>\n<\/div><div class=\"fusion-clearfix\"><\/div><\/div><\/div><\/div><\/div><div class=\"fusion-fullwidth fullwidth-box fusion-builder-row-2 nonhundred-percent-fullwidth non-hundred-percent-height-scrolling\" style=\"--awb-border-radius-top-left:0px;--awb-border-radius-top-right:0px;--awb-border-radius-bottom-right:0px;--awb-border-radius-bottom-left:0px;--awb-flex-wrap:wrap;\" ><\/div><\/p>","protected":false},"excerpt":{"rendered":"","protected":false},"author":1,"featured_media":0,"parent":0,"menu_order":0,"comment_status":"closed","ping_status":"closed","template":"100-width.php","meta":{"_acf_changed":false,"footnotes":""},"class_list":["post-1073","page","type-page","status-publish","hentry"],"acf":[],"_links":{"self":[{"href":"https:\/\/ananya.ro\/index.php\/wp-json\/wp\/v2\/pages\/1073","targetHints":{"allow":["GET"]}}],"collection":[{"href":"https:\/\/ananya.ro\/index.php\/wp-json\/wp\/v2\/pages"}],"about":[{"href":"https:\/\/ananya.ro\/index.php\/wp-json\/wp\/v2\/types\/page"}],"author":[{"embeddable":true,"href":"https:\/\/ananya.ro\/index.php\/wp-json\/wp\/v2\/users\/1"}],"replies":[{"embeddable":true,"href":"https:\/\/ananya.ro\/index.php\/wp-json\/wp\/v2\/comments?post=1073"}],"version-history":[{"count":3,"href":"https:\/\/ananya.ro\/index.php\/wp-json\/wp\/v2\/pages\/1073\/revisions"}],"predecessor-version":[{"id":3210,"href":"https:\/\/ananya.ro\/index.php\/wp-json\/wp\/v2\/pages\/1073\/revisions\/3210"}],"wp:attachment":[{"href":"https:\/\/ananya.ro\/index.php\/wp-json\/wp\/v2\/media?parent=1073"}],"curies":[{"name":"wp","href":"https:\/\/api.w.org\/{rel}","templated":true}]}}